{"id":902,"date":"2022-06-27T16:58:26","date_gmt":"2022-06-27T16:58:26","guid":{"rendered":"https:\/\/startersites.io\/elementor\/tasty\/?page_id=902"},"modified":"2026-01-15T09:02:46","modified_gmt":"2026-01-15T09:02:46","slug":"home","status":"publish","type":"page","link":"https:\/\/vivacafe.it\/","title":{"rendered":"Home"},"content":{"rendered":"\t\t<div data-elementor-type=\"wp-page\" data-elementor-id=\"902\" class=\"elementor elementor-902\">\n\t\t\t\t<div class=\"elementor-element elementor-element-221ba95 e-flex e-con-boxed e-con e-parent\" data-id=\"221ba95\" data-element_type=\"container\" data-settings=\"{&quot;background_background&quot;:&quot;classic&quot;}\">\n\t\t\t\t\t<div class=\"e-con-inner\">\n\t\t<div class=\"elementor-element elementor-element-b050c06 e-flex e-con-boxed e-con e-child\" data-id=\"b050c06\" data-element_type=\"container\">\n\t\t\t\t\t<div class=\"e-con-inner\">\n\t\t<div class=\"elementor-element elementor-element-ad5cff5 e-con-full e-flex e-con e-child\" data-id=\"ad5cff5\" data-element_type=\"container\">\n\t\t\t\t<div class=\"elementor-element elementor-element-00c0252 elementor-tablet-align-center elementor-widget elementor-widget-button\" data-id=\"00c0252\" data-element_type=\"widget\" data-widget_type=\"button.default\">\n\t\t\t\t\t\t\t\t\t\t<a class=\"elementor-button elementor-size-xs\" role=\"button\">\n\t\t\t\t\t\t<span class=\"elementor-button-content-wrapper\">\n\t\t\t\t\t\t\t\t\t<span class=\"elementor-button-text\">VIVA CAF\u00c8<\/span>\n\t\t\t\t\t<\/span>\n\t\t\t\t\t<\/a>\n\t\t\t\t\t\t\t\t<\/div>\n\t\t\t\t<div class=\"elementor-element elementor-element-4495e3f elementor-widget elementor-widget-heading\" data-id=\"4495e3f\" data-element_type=\"widget\" data-widget_type=\"heading.default\">\n\t\t\t\t\t<h2 class=\"elementor-heading-title elementor-size-default\">La tua pausa, i tuoi servizi, tutto in un unico posto.<\/h2>\t\t\t\t<\/div>\n\t\t\t\t<div class=\"elementor-element elementor-element-61865b1 elementor-widget elementor-widget-heading\" data-id=\"61865b1\" data-element_type=\"widget\" data-widget_type=\"heading.default\">\n\t\t\t\t\t<p class=\"elementor-heading-title elementor-size-default\">Dal caff\u00e8 del buongiorno al pagamento delle bollette. Siamo Bar, Tabacchi e Punto Lis: ricariche, ritiri pacchi e servizi postali a portata di mano.<\/p>\t\t\t\t<\/div>\n\t\t<div class=\"elementor-element elementor-element-742323c e-flex e-con-boxed e-con e-child\" data-id=\"742323c\" data-element_type=\"container\">\n\t\t\t\t\t<div class=\"e-con-inner\">\n\t\t\t\t\t<\/div>\n\t\t\t\t<\/div>\n\t\t<div class=\"elementor-element elementor-element-11a06dc e-flex e-con-boxed e-con e-child\" data-id=\"11a06dc\" data-element_type=\"container\">\n\t\t\t\t\t<div class=\"e-con-inner\">\n\t\t\t\t<div class=\"elementor-element elementor-element-f0930bb elementor-mobile-align-center elementor-widget elementor-widget-button\" data-id=\"f0930bb\" data-element_type=\"widget\" data-widget_type=\"button.default\">\n\t\t\t\t\t\t\t\t\t\t<a class=\"elementor-button elementor-button-link elementor-size-sm\" href=\"#servizi\">\n\t\t\t\t\t\t<span class=\"elementor-button-content-wrapper\">\n\t\t\t\t\t\t\t\t\t<span class=\"elementor-button-text\">Scopri i servizi<\/span>\n\t\t\t\t\t<\/span>\n\t\t\t\t\t<\/a>\n\t\t\t\t\t\t\t\t<\/div>\n\t\t\t\t\t<\/div>\n\t\t\t\t<\/div>\n\t\t\t\t<\/div>\n\t\t<div class=\"elementor-element elementor-element-633748c e-con-full e-flex e-con e-child\" data-id=\"633748c\" data-element_type=\"container\">\n\t\t\t\t<div class=\"elementor-element elementor-element-79c33a9 elementor-widget elementor-widget-image\" data-id=\"79c33a9\" data-element_type=\"widget\" data-widget_type=\"image.default\">\n\t\t\t\t\t\t\t\t\t\t\t\t\t\t\t<img fetchpriority=\"high\" decoding=\"async\" width=\"1024\" height=\"768\" src=\"https:\/\/vivacafe.it\/wp-content\/uploads\/2026\/01\/3-1024x768.jpg\" class=\"attachment-large size-large wp-image-924\" alt=\"\" srcset=\"https:\/\/vivacafe.it\/wp-content\/uploads\/2026\/01\/3-1024x768.jpg 1024w, https:\/\/vivacafe.it\/wp-content\/uploads\/2026\/01\/3-300x225.jpg 300w, https:\/\/vivacafe.it\/wp-content\/uploads\/2026\/01\/3-768x576.jpg 768w, https:\/\/vivacafe.it\/wp-content\/uploads\/2026\/01\/3-1536x1152.jpg 1536w, https:\/\/vivacafe.it\/wp-content\/uploads\/2026\/01\/3-750x563.jpg 750w, https:\/\/vivacafe.it\/wp-content\/uploads\/2026\/01\/3-500x375.jpg 500w, https:\/\/vivacafe.it\/wp-content\/uploads\/2026\/01\/3.jpg 1600w\" sizes=\"(max-width: 1024px) 100vw, 1024px\" \/>\t\t\t\t\t\t\t\t\t\t\t\t\t\t\t<\/div>\n\t\t\t\t<\/div>\n\t\t\t\t\t<\/div>\n\t\t\t\t<\/div>\n\t\t\t\t\t<\/div>\n\t\t\t\t<\/div>\n\t\t<div class=\"elementor-element elementor-element-ad256e0 e-flex e-con-boxed e-con e-parent\" data-id=\"ad256e0\" data-element_type=\"container\" id=\"servizi\">\n\t\t\t\t\t<div class=\"e-con-inner\">\n\t\t\t\t<div class=\"elementor-element elementor-element-4c48bbe elementor-widget elementor-widget-heading\" data-id=\"4c48bbe\" data-element_type=\"widget\" data-widget_type=\"heading.default\">\n\t\t\t\t\t<h2 class=\"elementor-heading-title elementor-size-default\">I nostri servizi<\/h2>\t\t\t\t<\/div>\n\t\t<div class=\"elementor-element elementor-element-274b391 e-flex e-con-boxed e-con e-child\" data-id=\"274b391\" data-element_type=\"container\">\n\t\t\t\t\t<div class=\"e-con-inner\">\n\t\t<div class=\"elementor-element elementor-element-94bab41 e-con-full e-flex e-con e-child\" data-id=\"94bab41\" data-element_type=\"container\" data-settings=\"{&quot;background_background&quot;:&quot;classic&quot;}\">\n\t\t\t\t<div class=\"elementor-element elementor-element-0630c0b elementor-widget elementor-widget-heading\" data-id=\"0630c0b\" data-element_type=\"widget\" data-widget_type=\"heading.default\">\n\t\t\t\t\t<h5 class=\"elementor-heading-title elementor-size-default\">Il Bar<\/h5>\t\t\t\t<\/div>\n\t\t\t\t<div class=\"elementor-element elementor-element-d7e16dd elementor-widget__width-initial elementor-widget elementor-widget-text-editor\" data-id=\"d7e16dd\" data-element_type=\"widget\" data-widget_type=\"text-editor.default\">\n\t\t\t\t\t\t\t\t\t<p>Non solo servizi: Viva Caf\u00e8 \u00e8 prima di tutto un luogo di incontro. Che sia per una colazione veloce o una pausa caff\u00e8 rigenerante, ti aspettiamo con prodotti di qualit\u00e0 e un sorriso.<\/p>\t\t\t\t\t\t\t\t<\/div>\n\t\t\t\t<div class=\"elementor-element elementor-element-88cb253 elementor-widget elementor-widget-heading\" data-id=\"88cb253\" data-element_type=\"widget\" data-widget_type=\"heading.default\">\n\t\t\t\t\t<h6 class=\"elementor-heading-title elementor-size-default\">IN EVIDENZA: Caffetteria classica | Colazioni e snack | Ambiente accogliente<\/h6>\t\t\t\t<\/div>\n\t\t\t\t<\/div>\n\t\t<div class=\"elementor-element elementor-element-96c4a33 e-con-full e-flex e-con e-child\" data-id=\"96c4a33\" data-element_type=\"container\" data-settings=\"{&quot;background_background&quot;:&quot;classic&quot;}\">\n\t\t\t\t<div class=\"elementor-element elementor-element-74d568e elementor-widget elementor-widget-heading\" data-id=\"74d568e\" data-element_type=\"widget\" data-widget_type=\"heading.default\">\n\t\t\t\t\t<h5 class=\"elementor-heading-title elementor-size-default\">Tabacchi, Giochi &amp; 24h<\/h5>\t\t\t\t<\/div>\n\t\t\t\t<div class=\"elementor-element elementor-element-c7df3e4 elementor-widget__width-initial elementor-widget elementor-widget-text-editor\" data-id=\"c7df3e4\" data-element_type=\"widget\" data-widget_type=\"text-editor.default\">\n\t\t\t\t\t\t\t\t\t<p>Tutto per i fumatori e per chi vuole tentare la fortuna. Siamo forniti dei migliori marchi e accessori, e se siamo chiusi, il nostro distributore esterno non ti lascia mai a piedi.<\/p>\t\t\t\t\t\t\t\t<\/div>\n\t\t\t\t<div class=\"elementor-element elementor-element-b0e74e0 elementor-widget elementor-widget-heading\" data-id=\"b0e74e0\" data-element_type=\"widget\" data-widget_type=\"heading.default\">\n\t\t\t\t\t<h6 class=\"elementor-heading-title elementor-size-default\">Sigarette classiche, Trinciati e Sigari | Articoli per fumatori | marche da bollo | Gioco del Lotto e Gratta &amp; Vinci\n<br><br>\nNovit\u00e0: Distributore automatico attivo 24\/24<\/h6>\t\t\t\t<\/div>\n\t\t\t\t<\/div>\n\t\t<div class=\"elementor-element elementor-element-d10ee0a e-con-full e-flex e-con e-child\" data-id=\"d10ee0a\" data-element_type=\"container\" data-settings=\"{&quot;background_background&quot;:&quot;classic&quot;}\">\n\t\t\t\t<div class=\"elementor-element elementor-element-9a21c24 elementor-widget elementor-widget-heading\" data-id=\"9a21c24\" data-element_type=\"widget\" data-widget_type=\"heading.default\">\n\t\t\t\t\t<h5 class=\"elementor-heading-title elementor-size-default\">Punto Lis &amp; Servizi Postali<\/h5>\t\t\t\t<\/div>\n\t\t\t\t<div class=\"elementor-element elementor-element-41051c1 elementor-widget__width-initial elementor-widget elementor-widget-text-editor\" data-id=\"41051c1\" data-element_type=\"widget\" data-widget_type=\"text-editor.default\">\n\t\t\t\t\t\t\t\t\t<p>Dimentica le lunghe file. Da Viva Caf\u00e8 puoi gestire i tuoi pagamenti e le tue spedizioni in pochi minuti, in totale sicurezza.<\/p>\t\t\t\t\t\t\t\t<\/div>\n\t\t\t\t<div class=\"elementor-element elementor-element-f5631e5 elementor-widget__width-initial elementor-widget elementor-widget-heading\" data-id=\"f5631e5\" data-element_type=\"widget\" data-widget_type=\"heading.default\">\n\t\t\t\t\t<h6 class=\"elementor-heading-title elementor-size-default\">Punto di ritiro Poste Italiane | pagamenti Bollettini postali, MAV, PagoPA, Bollo Auto e Area C | Ricariche telefoniche e Carte Prepagate<\/h6>\t\t\t\t<\/div>\n\t\t\t\t<\/div>\n\t\t\t\t\t<\/div>\n\t\t\t\t<\/div>\n\t\t\t\t\t<\/div>\n\t\t\t\t<\/div>\n\t\t<div class=\"elementor-element elementor-element-19263ac e-con-full e-flex e-con e-parent\" data-id=\"19263ac\" data-element_type=\"container\" id=\"punto-lis\" data-settings=\"{&quot;background_background&quot;:&quot;classic&quot;}\">\n\t\t<div class=\"elementor-element elementor-element-d17d1f7 e-con-full e-flex e-con e-child\" data-id=\"d17d1f7\" data-element_type=\"container\" data-settings=\"{&quot;background_background&quot;:&quot;classic&quot;}\">\n\t\t\t\t<div class=\"elementor-element elementor-element-17a28f7 elementor-widget elementor-widget-image\" data-id=\"17a28f7\" data-element_type=\"widget\" data-widget_type=\"image.default\">\n\t\t\t\t\t\t\t\t\t\t\t\t\t\t\t<img decoding=\"async\" width=\"768\" height=\"1024\" src=\"https:\/\/vivacafe.it\/wp-content\/uploads\/2026\/01\/4-768x1024.jpg\" class=\"attachment-large size-large wp-image-925\" alt=\"\" srcset=\"https:\/\/vivacafe.it\/wp-content\/uploads\/2026\/01\/4-768x1024.jpg 768w, https:\/\/vivacafe.it\/wp-content\/uploads\/2026\/01\/4-225x300.jpg 225w, https:\/\/vivacafe.it\/wp-content\/uploads\/2026\/01\/4-1152x1536.jpg 1152w, https:\/\/vivacafe.it\/wp-content\/uploads\/2026\/01\/4-750x1000.jpg 750w, https:\/\/vivacafe.it\/wp-content\/uploads\/2026\/01\/4.jpg 1200w\" sizes=\"(max-width: 768px) 100vw, 768px\" \/>\t\t\t\t\t\t\t\t\t\t\t\t\t\t\t<\/div>\n\t\t\t\t<\/div>\n\t\t<div class=\"elementor-element elementor-element-a9eee66 e-con-full e-flex e-con e-child\" data-id=\"a9eee66\" data-element_type=\"container\">\n\t\t\t\t<div class=\"elementor-element elementor-element-2d99851 elementor-widget elementor-widget-heading\" data-id=\"2d99851\" data-element_type=\"widget\" data-widget_type=\"heading.default\">\n\t\t\t\t\t<h2 class=\"elementor-heading-title elementor-size-default\">Dimentica le file interminabili!<\/h2>\t\t\t\t<\/div>\n\t\t\t\t<div class=\"elementor-element elementor-element-b52ecd0 elementor-widget elementor-widget-text-editor\" data-id=\"b52ecd0\" data-element_type=\"widget\" data-widget_type=\"text-editor.default\">\n\t\t\t\t\t\t\t\t\t<p data-path-to-node=\"14,0\">Siamo il tuo sportello multiservizi di fiducia. Che tu debba pagare un bollettino, ritirare un acquisto online o rinnovare il bollo auto, da noi trovi l&#8217;efficienza del <b data-path-to-node=\"14,0\" data-index-in-node=\"168\">Punto Lis<\/b> e la comodit\u00e0 di un <b data-path-to-node=\"14,0\" data-index-in-node=\"198\">Punto di Ritiro Poste Italiane<\/b>.<\/p><p data-path-to-node=\"14,1\">Il nostro sistema \u00e8 rapido, sicuro e certificato. Trasforma le incombenze noiose in una pausa piacevole.<\/p><ul><li><p data-path-to-node=\"16,0,0\"><b data-path-to-node=\"16,0,0\" data-index-in-node=\"2\">Pagamenti Completi:<\/b> MAV, PagoPA, Bollettini Postali e Bollo Auto in pochi secondi.<\/p><\/li><li><p data-path-to-node=\"16,1,0\"><b data-path-to-node=\"16,1,0\" data-index-in-node=\"2\">Ricariche Immediate:<\/b> Telefoniche, Postepay e carte prepagate.<\/p><\/li><li><p data-path-to-node=\"16,2,0\"><b data-path-to-node=\"16,2,0\" data-index-in-node=\"2\">Area C:<\/b> Pagamento rapido per l&#8217;accesso all&#8217;area C (utile per chi si sposta verso Milano\/citt\u00e0 con ZTL, <i data-path-to-node=\"16,2,0\" data-index-in-node=\"105\">nota: se sei nel Lazio verifica se vuoi mantenere Area C o mettere un generico ZTL\/Parcheggi<\/i>).<\/p><\/li><li><p data-path-to-node=\"16,3,0\"><b data-path-to-node=\"16,3,0\" data-index-in-node=\"2\">Punto Ritiro:<\/b> Fai arrivare qui i tuoi pacchi Poste Italiane e passa a prenderli quando vuoi.<\/p><\/li><\/ul>\t\t\t\t\t\t\t\t<\/div>\n\t\t\t\t<\/div>\n\t\t\t\t<\/div>\n\t\t<div class=\"elementor-element elementor-element-00e9783 e-flex e-con-boxed e-con e-parent\" data-id=\"00e9783\" data-element_type=\"container\" id=\"dove-siamo\" data-settings=\"{&quot;background_background&quot;:&quot;classic&quot;}\">\n\t\t\t\t\t<div class=\"e-con-inner\">\n\t\t\t\t<div class=\"elementor-element elementor-element-e1037cb elementor-widget elementor-widget-heading\" data-id=\"e1037cb\" data-element_type=\"widget\" data-widget_type=\"heading.default\">\n\t\t\t\t\t<h2 class=\"elementor-heading-title elementor-size-default\">Dove siamo<\/h2>\t\t\t\t<\/div>\n\t\t\t\t<div class=\"elementor-element elementor-element-7f4fd8a elementor-widget elementor-widget-google_maps\" data-id=\"7f4fd8a\" data-element_type=\"widget\" data-widget_type=\"google_maps.default\">\n\t\t\t\t\t\t\t<div class=\"elementor-custom-embed\">\n\t\t\t<iframe loading=\"lazy\"\n\t\t\t\t\tsrc=\"https:\/\/maps.google.com\/maps?q=Piazza%20Giovanni%20Perego%2C%2020154%20Milano%20MI&#038;t=m&#038;z=14&#038;output=embed&#038;iwloc=near\"\n\t\t\t\t\ttitle=\"Piazza Giovanni Perego, 20154 Milano MI\"\n\t\t\t\t\taria-label=\"Piazza Giovanni Perego, 20154 Milano MI\"\n\t\t\t><\/iframe>\n\t\t<\/div>\n\t\t\t\t\t\t<\/div>\n\t\t\t\t\t<\/div>\n\t\t\t\t<\/div>\n\t\t\t\t<\/div>\n\t\t","protected":false},"excerpt":{"rendered":"<p>VIVA CAF\u00c8 La tua pausa, i tuoi servizi, tutto in un unico posto. Dal caff\u00e8 del buongiorno al pagamento delle bollette. Siamo Bar, Tabacchi e Punto Lis: ricariche, ritiri pacchi e servizi postali a portata di mano. Scopri i servizi I nostri servizi Il Bar Non solo servizi: Viva Caf\u00e8 \u00e8 prima di tutto un [&hellip;]<\/p>\n","protected":false},"author":1,"featured_media":0,"parent":0,"menu_order":0,"comment_status":"closed","ping_status":"closed","template":"","meta":{"footnotes":""},"class_list":["post-902","page","type-page","status-publish","hentry"],"blocksy_meta":{"page_title_panel":"","has_hero_section":"disabled","5b8f58a7d00eebcdf1b39e107f27565c":"","hero_section":"type-1","hero_elements":[{"id":"custom_title","enabled":true,"heading_tag":"h1","title":"Home"},{"id":"custom_description","enabled":true,"description_visibility":{"desktop":true,"tablet":true,"mobile":false}},{"id":"custom_meta","enabled":false,"meta_elements":[{"id":"author","enabled":true,"label":"By","has_author_avatar":"yes","avatar_size":25},{"id":"post_date","enabled":true,"label":"On","date_format_source":"default","date_format":"M j, Y"},{"id":"updated_date","enabled":false,"label":"On","date_format_source":"default","date_format":"M j, Y"},{"id":"categories","enabled":false,"label":"In","style":"simple"},{"id":"comments","enabled":true}],"page_meta_elements":{"joined":true,"articles_count":true,"comments":true}},{"id":"breadcrumbs","enabled":false}],"6a780d8358f7749d3209388f5cf3e102":"","hero_alignment1":"CT_CSS_SKIP_RULE","hero_margin":40,"hero_alignment2":"center","hero_vertical_alignment":"center","aeb7fc5c37df6ce32c2652800b590b75":"","hero_structure":"narrow","31c480dffc4e8ad0042320fa1dc69be3":"","page_title_bg_type":"featured_image","custom_hero_background":{"attachment_id":null},"page_title_image_size":"full","parallax":{"desktop":false,"tablet":false,"mobile":false},"430ab52900e1df34ff50e650d97dabde":"","hero_height":"250px","pageTitleFont":{"family":"Default","variation":"Default","size":"30px","line-height":"CT_CSS_SKIP_RULE","letter-spacing":"CT_CSS_SKIP_RULE","text-transform":"CT_CSS_SKIP_RULE","text-decoration":"CT_CSS_SKIP_RULE"},"pageTitleFontColor":{"default":{"color":"CT_CSS_SKIP_RULEDEFAULT"}},"pageMetaFont":{"family":"Default","variation":"n6","size":"12px","line-height":"1.3","letter-spacing":"CT_CSS_SKIP_RULE","text-transform":"uppercase","text-decoration":"CT_CSS_SKIP_RULE"},"pageMetaFontColor":{"default":{"color":"CT_CSS_SKIP_RULEDEFAULT"},"hover":{"color":"CT_CSS_SKIP_RULEDEFAULT"}},"page_meta_button_type_font_colors":{"default":{"color":"CT_CSS_SKIP_RULEDEFAULT"},"hover":{"color":"CT_CSS_SKIP_RULEDEFAULT"}},"page_meta_button_type_background_colors":{"default":{"color":"CT_CSS_SKIP_RULEDEFAULT"},"hover":{"color":"CT_CSS_SKIP_RULEDEFAULT"}},"pageExcerptFont":{"family":"Default","variation":"Default","size":"CT_CSS_SKIP_RULE","line-height":"CT_CSS_SKIP_RULE","letter-spacing":"CT_CSS_SKIP_RULE","text-transform":"CT_CSS_SKIP_RULE","text-decoration":"CT_CSS_SKIP_RULE"},"pageExcerptColor":{"default":{"color":"CT_CSS_SKIP_RULEDEFAULT"}},"breadcrumbsFont":{"family":"Default","variation":"Default","size":"CT_CSS_SKIP_RULE","line-height":"CT_CSS_SKIP_RULE","letter-spacing":"CT_CSS_SKIP_RULE","text-transform":"CT_CSS_SKIP_RULE","text-decoration":"CT_CSS_SKIP_RULE"},"breadcrumbsFontColor":{"default":{"color":"CT_CSS_SKIP_RULEDEFAULT"},"initial":{"color":"CT_CSS_SKIP_RULEDEFAULT"},"hover":{"color":"CT_CSS_SKIP_RULEDEFAULT"}},"pageTitleOverlay":{"background_type":"color","background_pattern":"type-1","background_image":{"attachment_id":null,"x":0,"y":0},"gradient":"linear-gradient(135deg,rgba(6,147,227,1) 0%,rgb(155,81,224) 100%)","background_repeat":"repeat","background_size":"auto","background_attachment":"scroll","patternColor":{"default":{"color":"#e5e7ea"}},"overlayColor":{"default":{"color":"CT_CSS_SKIP_RULE"}},"backgroundColor":{"default":{"color":"CT_CSS_SKIP_RULE"}}},"pageTitleBackground":{"background_type":"color","background_pattern":"type-1","background_image":{"attachment_id":null,"x":0,"y":0},"gradient":"linear-gradient(135deg,rgba(6,147,227,1) 0%,rgb(155,81,224) 100%)","background_repeat":"repeat","background_size":"auto","background_attachment":"scroll","patternColor":{"default":{"color":"#e5e7ea"}},"overlayColor":{"default":{"color":"CT_CSS_SKIP_RULE"}},"backgroundColor":{"default":{"color":"var(--theme-palette-color-6)"}}},"pageTitlePadding":{"top":"50px","bottom":"50px","left":"auto","right":"auto","linked":true},"08b9461e259b714af1e430503c5721ef":"","page_structure_type":"default","46064d3b3b7967c5221e0131bbac5d0b":"","content_style_source":"inherit","content_style":"wide","vertical_spacing_source":"custom","content_area_spacing":"none","background":{"background_type":"color","background_pattern":"type-1","background_image":{"attachment_id":null,"x":0,"y":0},"gradient":"linear-gradient(135deg,rgba(6,147,227,1) 0%,rgb(155,81,224) 100%)","background_repeat":"repeat","background_size":"auto","background_attachment":"scroll","patternColor":{"default":{"color":"#e5e7ea"}},"overlayColor":{"default":{"color":"CT_CSS_SKIP_RULE"}},"backgroundColor":{"default":{"color":"CT_CSS_SKIP_RULE"}}},"content_background":{"background_type":"color","background_pattern":"type-1","background_image":{"attachment_id":null,"x":0,"y":0},"gradient":"linear-gradient(135deg,rgba(6,147,227,1) 0%,rgb(155,81,224) 100%)","background_repeat":"repeat","background_size":"auto","background_attachment":"scroll","patternColor":{"default":{"color":"#e5e7ea"}},"overlayColor":{"default":{"color":"CT_CSS_SKIP_RULE"}},"backgroundColor":{"default":{"color":"var(--theme-palette-color-8)"}}},"content_boxed_shadow":{"inherit":false,"blur":18,"spread":-6,"v_offset":12,"h_offset":0,"inset":false,"enable":true,"color":{"color":"rgba(34, 56, 101, 0.04)"}},"content_boxed_border":{"width":1,"style":"none","color":{"color":"rgba(44,62,80,0.2)"}},"content_boxed_radius":{"top":"3px","bottom":"3px","left":"3px","right":"3px","linked":true},"boxed_content_spacing":{"desktop":{"top":"40px","bottom":"40px","left":"40px","right":"40px","linked":true},"tablet":{"top":"35px","bottom":"35px","left":"35px","right":"35px","linked":true},"mobile":{"top":"20px","bottom":"20px","left":"20px","right":"20px","linked":true}},"376b97430f937d3717273866b6ec31d5":"","disable_featured_image":"no","disable_share_box":"no","disable_header":"no","disable_footer":"no","styles_descriptor":{"styles":{"desktop":"","tablet":"","mobile":""},"google_fonts":[],"version":6}},"_links":{"self":[{"href":"https:\/\/vivacafe.it\/index.php?rest_route=\/wp\/v2\/pages\/902","targetHints":{"allow":["GET"]}}],"collection":[{"href":"https:\/\/vivacafe.it\/index.php?rest_route=\/wp\/v2\/pages"}],"about":[{"href":"https:\/\/vivacafe.it\/index.php?rest_route=\/wp\/v2\/types\/page"}],"author":[{"embeddable":true,"href":"https:\/\/vivacafe.it\/index.php?rest_route=\/wp\/v2\/users\/1"}],"replies":[{"embeddable":true,"href":"https:\/\/vivacafe.it\/index.php?rest_route=%2Fwp%2Fv2%2Fcomments&post=902"}],"version-history":[{"count":18,"href":"https:\/\/vivacafe.it\/index.php?rest_route=\/wp\/v2\/pages\/902\/revisions"}],"predecessor-version":[{"id":951,"href":"https:\/\/vivacafe.it\/index.php?rest_route=\/wp\/v2\/pages\/902\/revisions\/951"}],"wp:attachment":[{"href":"https:\/\/vivacafe.it\/index.php?rest_route=%2Fwp%2Fv2%2Fmedia&parent=902"}],"curies":[{"name":"wp","href":"https:\/\/api.w.org\/{rel}","templated":true}]}}